{"id":217,"date":"2023-02-10T15:42:10","date_gmt":"2023-02-10T15:42:10","guid":{"rendered":"https:\/\/pepfrance.fr\/?page_id=217"},"modified":"2023-11-20T17:30:56","modified_gmt":"2023-11-20T17:30:56","slug":"nos-produits","status":"publish","type":"page","link":"https:\/\/pepfrance.fr\/en\/nos-produits","title":{"rendered":"Our products"},"content":{"rendered":"<div data-elementor-type=\"wp-page\" data-elementor-id=\"217\" class=\"elementor elementor-217\" data-elementor-settings=\"{&quot;ha_cmc_init_switcher&quot;:&quot;no&quot;}\" data-elementor-post-type=\"page\">\n\t\t\t\t\t\t<section class=\"elementor-section elementor-top-section elementor-element elementor-element-6b0974b8 elementor-section-height-min-height elementor-section-content-middle elementor-section-boxed elementor-section-height-default elementor-section-items-middle\" data-id=\"6b0974b8\" data-element_type=\"section\" data-e-type=\"section\" data-settings=\"{&quot;background_background&quot;:&quot;classic&quot;,&quot;_ha_eqh_enable&quot;:false,&quot;ekit_has_onepagescroll_dot&quot;:&quot;yes&quot;}\">\n\t\t\t\t\t\t<div class=\"elementor-container elementor-column-gap-wide\">\n\t\t\t\t\t<div class=\"elementor-column elementor-col-100 elementor-top-column elementor-element elementor-element-15266005\" data-id=\"15266005\" data-element_type=\"column\" data-e-type=\"column\">\n\t\t\t<div class=\"elementor-widget-wrap elementor-element-populated\">\n\t\t\t\t\t\t<div class=\"elementor-element elementor-element-19e9940a elementor-widget elementor-widget-heading\" data-id=\"19e9940a\" data-element_type=\"widget\" data-e-type=\"widget\" data-settings=\"{&quot;ekit_we_effect_on&quot;:&quot;none&quot;}\" data-widget_type=\"heading.default\">\n\t\t\t\t<div class=\"elementor-widget-container\">\n\t\t\t\t\t<h1 class=\"elementor-heading-title elementor-size-default\">Our products<\/h1>\t\t\t\t<\/div>\n\t\t\t\t<\/div>\n\t\t\t\t\t<\/div>\n\t\t<\/div>\n\t\t\t\t\t<\/div>\n\t\t<\/section>\n\t\t\t\t<section class=\"elementor-section elementor-top-section elementor-element elementor-element-75f30035 elementor-section-boxed elementor-section-height-default elementor-section-height-default\" data-id=\"75f30035\" data-element_type=\"section\" data-e-type=\"section\" data-settings=\"{&quot;_ha_eqh_enable&quot;:false,&quot;ekit_has_onepagescroll_dot&quot;:&quot;yes&quot;}\">\n\t\t\t\t\t\t<div class=\"elementor-container elementor-column-gap-wide\">\n\t\t\t\t\t<div class=\"elementor-column elementor-col-100 elementor-top-column elementor-element elementor-element-57ed5a95\" data-id=\"57ed5a95\" data-element_type=\"column\" data-e-type=\"column\">\n\t\t\t<div class=\"elementor-widget-wrap elementor-element-populated\">\n\t\t\t\t\t\t<div class=\"elementor-element elementor-element-28acea4 elementor-widget elementor-widget-jkit_post_block\" data-id=\"28acea4\" data-element_type=\"widget\" data-e-type=\"widget\" data-settings=\"{&quot;ekit_we_effect_on&quot;:&quot;none&quot;}\" data-widget_type=\"jkit_post_block.default\">\n\t\t\t\t<div class=\"elementor-widget-container\">\n\t\t\t\t\t<div  class=\"jeg-elementor-kit jkit-postblock postblock-type-3 jkit-pagination-disable post-element jeg_module___69f27fde892cc\"  data-id=\"jeg_module___69f27fde892cc\" data-settings=\"{&quot;post_type&quot;:&quot;page&quot;,&quot;number_post&quot;:{&quot;unit&quot;:&quot;px&quot;,&quot;size&quot;:2,&quot;sizes&quot;:[]},&quot;post_offset&quot;:0,&quot;unique_content&quot;:&quot;disable&quot;,&quot;include_post&quot;:&quot;219,233&quot;,&quot;exclude_post&quot;:&quot;&quot;,&quot;include_category&quot;:&quot;&quot;,&quot;exclude_category&quot;:&quot;&quot;,&quot;include_author&quot;:&quot;&quot;,&quot;include_tag&quot;:&quot;&quot;,&quot;exclude_tag&quot;:&quot;&quot;,&quot;sort_by&quot;:&quot;oldest&quot;,&quot;pagination_mode&quot;:&quot;disable&quot;,&quot;pagination_loadmore_text&quot;:&quot;Load More&quot;,&quot;pagination_loading_text&quot;:&quot;Loading...&quot;,&quot;pagination_number_post&quot;:{&quot;unit&quot;:&quot;px&quot;,&quot;size&quot;:3,&quot;sizes&quot;:[]},&quot;pagination_scroll_limit&quot;:0,&quot;pagination_icon&quot;:{&quot;value&quot;:&quot;&quot;,&quot;library&quot;:&quot;&quot;},&quot;pagination_icon_position&quot;:&quot;before&quot;,&quot;st_category_position&quot;:&quot;center&quot;,&quot;sg_content_postblock_type&quot;:&quot;type-3&quot;,&quot;sg_content_element_order&quot;:&quot;title,meta,excerpt,read&quot;,&quot;sg_content_breakpoint&quot;:&quot;tablet&quot;,&quot;sg_content_title_html_tag&quot;:&quot;h2&quot;,&quot;sg_content_category_enable&quot;:&quot;yes&quot;,&quot;sg_content_excerpt_enable&quot;:&quot;&quot;,&quot;sg_content_excerpt_length&quot;:{&quot;unit&quot;:&quot;px&quot;,&quot;size&quot;:20,&quot;sizes&quot;:[]},&quot;sg_content_excerpt_more&quot;:&quot;...&quot;,&quot;sg_content_readmore_enable&quot;:&quot;&quot;,&quot;sg_content_readmore_icon&quot;:{&quot;value&quot;:&quot;fas fa-arrow-right&quot;,&quot;library&quot;:&quot;fa-solid&quot;},&quot;sg_content_readmore_icon_position&quot;:&quot;after&quot;,&quot;sg_content_readmore_text&quot;:&quot;Lire plus&quot;,&quot;sg_content_comment_enable&quot;:&quot;&quot;,&quot;sg_content_comment_icon&quot;:{&quot;value&quot;:&quot;fas fa-comment&quot;,&quot;library&quot;:&quot;fa-solid&quot;},&quot;sg_content_comment_icon_position&quot;:&quot;before&quot;,&quot;sg_content_meta_enable&quot;:&quot;&quot;,&quot;sg_content_meta_author_enable&quot;:&quot;yes&quot;,&quot;sg_content_meta_author_by_text&quot;:&quot;par&quot;,&quot;sg_content_meta_author_icon&quot;:{&quot;value&quot;:&quot;fas fa-user&quot;,&quot;library&quot;:&quot;fa-solid&quot;},&quot;sg_content_meta_author_icon_position&quot;:&quot;before&quot;,&quot;sg_content_meta_date_enable&quot;:&quot;yes&quot;,&quot;sg_content_meta_date_type&quot;:&quot;published&quot;,&quot;sg_content_meta_date_format&quot;:&quot;default&quot;,&quot;sg_content_meta_date_format_custom&quot;:&quot;j F Y&quot;,&quot;sg_content_meta_date_icon&quot;:{&quot;value&quot;:&quot;fas fa-clock&quot;,&quot;library&quot;:&quot;fa-solid&quot;},&quot;sg_content_meta_date_icon_position&quot;:&quot;before&quot;,&quot;sg_content_image_size_imagesize_size&quot;:&quot;full&quot;,&quot;paged&quot;:1,&quot;class&quot;:&quot;jkit_post_block&quot;}\"><div class=\"jkit-block-container\"><div class=\"jkit-posts jkit-ajax-flag\">\n            <article class=\"jkit-post post-219 page type-page status-publish has-post-thumbnail hentry category-nos-produits\">\n                    <div class=\"jkit-thumb\"><a aria-label=\"Liquids compounds\" href=\"https:\/\/pepfrance.fr\/en\/nos-produits\/composes-liquides\"><div class=\"thumbnail-container\">\n            <img loading=\"lazy\" decoding=\"async\" width=\"700\" height=\"344\" src=\"https:\/\/pepfrance.fr\/wp-content\/uploads\/2023\/03\/produits-pep-france-encres-peinture-6.jpg\" class=\"attachment-full size-full wp-post-image\" alt=\"produit\" srcset=\"https:\/\/pepfrance.fr\/wp-content\/uploads\/2023\/03\/produits-pep-france-encres-peinture-6.jpg 700w, https:\/\/pepfrance.fr\/wp-content\/uploads\/2023\/03\/produits-pep-france-encres-peinture-6-300x147.jpg 300w, https:\/\/pepfrance.fr\/wp-content\/uploads\/2023\/03\/produits-pep-france-encres-peinture-6-18x9.jpg 18w\" sizes=\"auto, (max-width: 700px) 100vw, 700px\" \/>\n        <\/div><\/a><\/div>\n                    <div class=\"jkit-postblock-content\"><h2 class=\"jkit-post-title\">\n\t\t\t\t\t\t\t<a href=\"https:\/\/pepfrance.fr\/en\/nos-produits\/composes-liquides\">Liquids compounds<\/a>\n\t\t\t\t\t\t<\/h2><div class=\"jkit-post-meta-bottom\">\n\t\t\t\t\t\t\t\n\t\t\t\t\t\t<\/div><\/div>\n                <\/article><article class=\"jkit-post post-233 page type-page status-publish has-post-thumbnail hentry category-nos-produits\">\n                    <div class=\"jkit-thumb\"><a aria-label=\"Paste Compounds\" href=\"https:\/\/pepfrance.fr\/en\/nos-produits\/composes-pateux\"><div class=\"thumbnail-container\">\n            <img loading=\"lazy\" decoding=\"async\" width=\"541\" height=\"249\" src=\"https:\/\/pepfrance.fr\/wp-content\/uploads\/2023\/03\/produits-pep-france-encres-peinture-4.jpg\" class=\"attachment-full size-full wp-post-image\" alt=\"produit\" srcset=\"https:\/\/pepfrance.fr\/wp-content\/uploads\/2023\/03\/produits-pep-france-encres-peinture-4.jpg 541w, https:\/\/pepfrance.fr\/wp-content\/uploads\/2023\/03\/produits-pep-france-encres-peinture-4-300x138.jpg 300w, https:\/\/pepfrance.fr\/wp-content\/uploads\/2023\/03\/produits-pep-france-encres-peinture-4-18x8.jpg 18w\" sizes=\"auto, (max-width: 541px) 100vw, 541px\" \/>\n        <\/div><\/a><\/div>\n                    <div class=\"jkit-postblock-content\"><h2 class=\"jkit-post-title\">\n\t\t\t\t\t\t\t<a href=\"https:\/\/pepfrance.fr\/en\/nos-produits\/composes-pateux\">Paste Compounds<\/a>\n\t\t\t\t\t\t<\/h2><div class=\"jkit-post-meta-bottom\">\n\t\t\t\t\t\t\t\n\t\t\t\t\t\t<\/div><\/div>\n                <\/article>\n        <\/div><\/div><\/div>\t\t\t\t<\/div>\n\t\t\t\t<\/div>\n\t\t\t\t\t<\/div>\n\t\t<\/div>\n\t\t\t\t\t<\/div>\n\t\t<\/section>\n\t\t\t\t<\/div>","protected":false},"excerpt":{"rendered":"<p>Nos produits \u00e9diter article Compos\u00e9s Liquides \u00e9diter article Compos\u00e9s P\u00e2teux<\/p>","protected":false},"author":2,"featured_media":2002,"parent":0,"menu_order":0,"comment_status":"closed","ping_status":"closed","template":"elementor_header_footer","meta":{"footnotes":""},"categories":[],"tags":[],"class_list":["post-217","page","type-page","status-publish","has-post-thumbnail","hentry"],"yoast_head":"<!-- This site is optimized with the Yoast SEO plugin v27.5 - https:\/\/yoast.com\/product\/yoast-seo-wordpress\/ -->\n<title>Nos produits - PEP Peintures et Encres Poitevines<\/title>\n<meta name=\"description\" content=\"PEP Peintures et Encres Poitevines - Additifs antioxydants d\u00e9di\u00e9s aux fabricants d\u2019encres Offset. PEP propose des compos\u00e9s p\u00e2teux &amp; liquides.\" \/>\n<meta name=\"robots\" content=\"index, follow, max-snippet:-1, max-image-preview:large, max-video-preview:-1\" \/>\n<link rel=\"canonical\" href=\"https:\/\/pepfrance.fr\/en\/nos-produits\/\" \/>\n<meta property=\"og:locale\" content=\"en_GB\" \/>\n<meta property=\"og:type\" content=\"article\" \/>\n<meta property=\"og:title\" content=\"Nos produits - PEP Peintures et Encres Poitevines\" \/>\n<meta property=\"og:description\" content=\"PEP Peintures et Encres Poitevines - Additifs antioxydants d\u00e9di\u00e9s aux fabricants d\u2019encres Offset. PEP propose des compos\u00e9s p\u00e2teux &amp; liquides.\" \/>\n<meta property=\"og:url\" content=\"https:\/\/pepfrance.fr\/en\/nos-produits\/\" \/>\n<meta property=\"og:site_name\" content=\"PEP Peintures et Encres Poitevines\" \/>\n<meta property=\"article:modified_time\" content=\"2023-11-20T17:30:56+00:00\" \/>\n<meta property=\"og:image\" content=\"https:\/\/pepfrance.fr\/wp-content\/uploads\/2023\/03\/produits-pep-france-encres-peinture.jpg\" \/>\n\t<meta property=\"og:image:width\" content=\"1920\" \/>\n\t<meta property=\"og:image:height\" content=\"1280\" \/>\n\t<meta property=\"og:image:type\" content=\"image\/jpeg\" \/>\n<meta name=\"twitter:card\" content=\"summary_large_image\" \/>\n<meta name=\"twitter:label1\" content=\"Estimated reading time\" \/>\n\t<meta name=\"twitter:data1\" content=\"1 minute\" \/>\n<script type=\"application\/ld+json\" class=\"yoast-schema-graph\">{\"@context\":\"https:\\\/\\\/schema.org\",\"@graph\":[{\"@type\":\"WebPage\",\"@id\":\"https:\\\/\\\/pepfrance.fr\\\/nos-produits\",\"url\":\"https:\\\/\\\/pepfrance.fr\\\/nos-produits\",\"name\":\"Nos produits - PEP Peintures et Encres Poitevines\",\"isPartOf\":{\"@id\":\"https:\\\/\\\/pepfrance.fr\\\/#website\"},\"primaryImageOfPage\":{\"@id\":\"https:\\\/\\\/pepfrance.fr\\\/nos-produits#primaryimage\"},\"image\":{\"@id\":\"https:\\\/\\\/pepfrance.fr\\\/nos-produits#primaryimage\"},\"thumbnailUrl\":\"https:\\\/\\\/pepfrance.fr\\\/wp-content\\\/uploads\\\/2023\\\/03\\\/produits-pep-france-encres-peinture.jpg\",\"datePublished\":\"2023-02-10T15:42:10+00:00\",\"dateModified\":\"2023-11-20T17:30:56+00:00\",\"description\":\"PEP Peintures et Encres Poitevines - Additifs antioxydants d\u00e9di\u00e9s aux fabricants d\u2019encres Offset. PEP propose des compos\u00e9s p\u00e2teux & liquides.\",\"breadcrumb\":{\"@id\":\"https:\\\/\\\/pepfrance.fr\\\/nos-produits#breadcrumb\"},\"inLanguage\":\"en-GB\",\"potentialAction\":[{\"@type\":\"ReadAction\",\"target\":[\"https:\\\/\\\/pepfrance.fr\\\/nos-produits\"]}]},{\"@type\":\"ImageObject\",\"inLanguage\":\"en-GB\",\"@id\":\"https:\\\/\\\/pepfrance.fr\\\/nos-produits#primaryimage\",\"url\":\"https:\\\/\\\/pepfrance.fr\\\/wp-content\\\/uploads\\\/2023\\\/03\\\/produits-pep-france-encres-peinture.jpg\",\"contentUrl\":\"https:\\\/\\\/pepfrance.fr\\\/wp-content\\\/uploads\\\/2023\\\/03\\\/produits-pep-france-encres-peinture.jpg\",\"width\":1920,\"height\":1280,\"caption\":\"produit\"},{\"@type\":\"BreadcrumbList\",\"@id\":\"https:\\\/\\\/pepfrance.fr\\\/nos-produits#breadcrumb\",\"itemListElement\":[{\"@type\":\"ListItem\",\"position\":1,\"name\":\"Accueil\",\"item\":\"https:\\\/\\\/pepfrance.fr\\\/\"},{\"@type\":\"ListItem\",\"position\":2,\"name\":\"Nos produits\"}]},{\"@type\":\"WebSite\",\"@id\":\"https:\\\/\\\/pepfrance.fr\\\/#website\",\"url\":\"https:\\\/\\\/pepfrance.fr\\\/\",\"name\":\"PEP Peintures et Encres Poitevines\",\"description\":\"ST GERMAIN DES FOSSES (03260), ZI DU COQUET\",\"publisher\":{\"@id\":\"https:\\\/\\\/pepfrance.fr\\\/#organization\"},\"potentialAction\":[{\"@type\":\"SearchAction\",\"target\":{\"@type\":\"EntryPoint\",\"urlTemplate\":\"https:\\\/\\\/pepfrance.fr\\\/?s={search_term_string}\"},\"query-input\":{\"@type\":\"PropertyValueSpecification\",\"valueRequired\":true,\"valueName\":\"search_term_string\"}}],\"inLanguage\":\"en-GB\"},{\"@type\":\"Organization\",\"@id\":\"https:\\\/\\\/pepfrance.fr\\\/#organization\",\"name\":\"PEP Peintures et Encres Poitevines\",\"url\":\"https:\\\/\\\/pepfrance.fr\\\/\",\"logo\":{\"@type\":\"ImageObject\",\"inLanguage\":\"en-GB\",\"@id\":\"https:\\\/\\\/pepfrance.fr\\\/#\\\/schema\\\/logo\\\/image\\\/\",\"url\":\"https:\\\/\\\/pepfrance.fr\\\/wp-content\\\/uploads\\\/2023\\\/02\\\/cropped-logo-pep-france-encres-peinture.png\",\"contentUrl\":\"https:\\\/\\\/pepfrance.fr\\\/wp-content\\\/uploads\\\/2023\\\/02\\\/cropped-logo-pep-france-encres-peinture.png\",\"width\":692,\"height\":223,\"caption\":\"PEP Peintures et Encres Poitevines\"},\"image\":{\"@id\":\"https:\\\/\\\/pepfrance.fr\\\/#\\\/schema\\\/logo\\\/image\\\/\"}}]}<\/script>\n<!-- \/ Yoast SEO plugin. -->","yoast_head_json":{"title":"Nos produits - PEP Peintures et Encres Poitevines","description":"PEP Peintures et Encres Poitevines - Additifs antioxydants d\u00e9di\u00e9s aux fabricants d\u2019encres Offset. PEP propose des compos\u00e9s p\u00e2teux & liquides.","robots":{"index":"index","follow":"follow","max-snippet":"max-snippet:-1","max-image-preview":"max-image-preview:large","max-video-preview":"max-video-preview:-1"},"canonical":"https:\/\/pepfrance.fr\/en\/nos-produits\/","og_locale":"en_GB","og_type":"article","og_title":"Nos produits - PEP Peintures et Encres Poitevines","og_description":"PEP Peintures et Encres Poitevines - Additifs antioxydants d\u00e9di\u00e9s aux fabricants d\u2019encres Offset. PEP propose des compos\u00e9s p\u00e2teux & liquides.","og_url":"https:\/\/pepfrance.fr\/en\/nos-produits\/","og_site_name":"PEP Peintures et Encres Poitevines","article_modified_time":"2023-11-20T17:30:56+00:00","og_image":[{"width":1920,"height":1280,"url":"https:\/\/pepfrance.fr\/wp-content\/uploads\/2023\/03\/produits-pep-france-encres-peinture.jpg","type":"image\/jpeg"}],"twitter_card":"summary_large_image","twitter_misc":{"Estimated reading time":"1 minute"},"schema":{"@context":"https:\/\/schema.org","@graph":[{"@type":"WebPage","@id":"https:\/\/pepfrance.fr\/nos-produits","url":"https:\/\/pepfrance.fr\/nos-produits","name":"Nos produits - PEP Peintures et Encres Poitevines","isPartOf":{"@id":"https:\/\/pepfrance.fr\/#website"},"primaryImageOfPage":{"@id":"https:\/\/pepfrance.fr\/nos-produits#primaryimage"},"image":{"@id":"https:\/\/pepfrance.fr\/nos-produits#primaryimage"},"thumbnailUrl":"https:\/\/pepfrance.fr\/wp-content\/uploads\/2023\/03\/produits-pep-france-encres-peinture.jpg","datePublished":"2023-02-10T15:42:10+00:00","dateModified":"2023-11-20T17:30:56+00:00","description":"PEP Peintures et Encres Poitevines - Additifs antioxydants d\u00e9di\u00e9s aux fabricants d\u2019encres Offset. PEP propose des compos\u00e9s p\u00e2teux & liquides.","breadcrumb":{"@id":"https:\/\/pepfrance.fr\/nos-produits#breadcrumb"},"inLanguage":"en-GB","potentialAction":[{"@type":"ReadAction","target":["https:\/\/pepfrance.fr\/nos-produits"]}]},{"@type":"ImageObject","inLanguage":"en-GB","@id":"https:\/\/pepfrance.fr\/nos-produits#primaryimage","url":"https:\/\/pepfrance.fr\/wp-content\/uploads\/2023\/03\/produits-pep-france-encres-peinture.jpg","contentUrl":"https:\/\/pepfrance.fr\/wp-content\/uploads\/2023\/03\/produits-pep-france-encres-peinture.jpg","width":1920,"height":1280,"caption":"produit"},{"@type":"BreadcrumbList","@id":"https:\/\/pepfrance.fr\/nos-produits#breadcrumb","itemListElement":[{"@type":"ListItem","position":1,"name":"Accueil","item":"https:\/\/pepfrance.fr\/"},{"@type":"ListItem","position":2,"name":"Nos produits"}]},{"@type":"WebSite","@id":"https:\/\/pepfrance.fr\/#website","url":"https:\/\/pepfrance.fr\/","name":"PEP Peintures et Encres Poitevines","description":"ST GERMAIN DES FOSSES (03260), ZI DU COQUET","publisher":{"@id":"https:\/\/pepfrance.fr\/#organization"},"potentialAction":[{"@type":"SearchAction","target":{"@type":"EntryPoint","urlTemplate":"https:\/\/pepfrance.fr\/?s={search_term_string}"},"query-input":{"@type":"PropertyValueSpecification","valueRequired":true,"valueName":"search_term_string"}}],"inLanguage":"en-GB"},{"@type":"Organization","@id":"https:\/\/pepfrance.fr\/#organization","name":"PEP Peintures et Encres Poitevines","url":"https:\/\/pepfrance.fr\/","logo":{"@type":"ImageObject","inLanguage":"en-GB","@id":"https:\/\/pepfrance.fr\/#\/schema\/logo\/image\/","url":"https:\/\/pepfrance.fr\/wp-content\/uploads\/2023\/02\/cropped-logo-pep-france-encres-peinture.png","contentUrl":"https:\/\/pepfrance.fr\/wp-content\/uploads\/2023\/02\/cropped-logo-pep-france-encres-peinture.png","width":692,"height":223,"caption":"PEP Peintures et Encres Poitevines"},"image":{"@id":"https:\/\/pepfrance.fr\/#\/schema\/logo\/image\/"}}]}},"_links":{"self":[{"href":"https:\/\/pepfrance.fr\/en\/wp-json\/wp\/v2\/pages\/217","targetHints":{"allow":["GET"]}}],"collection":[{"href":"https:\/\/pepfrance.fr\/en\/wp-json\/wp\/v2\/pages"}],"about":[{"href":"https:\/\/pepfrance.fr\/en\/wp-json\/wp\/v2\/types\/page"}],"author":[{"embeddable":true,"href":"https:\/\/pepfrance.fr\/en\/wp-json\/wp\/v2\/users\/2"}],"replies":[{"embeddable":true,"href":"https:\/\/pepfrance.fr\/en\/wp-json\/wp\/v2\/comments?post=217"}],"version-history":[{"count":34,"href":"https:\/\/pepfrance.fr\/en\/wp-json\/wp\/v2\/pages\/217\/revisions"}],"predecessor-version":[{"id":2085,"href":"https:\/\/pepfrance.fr\/en\/wp-json\/wp\/v2\/pages\/217\/revisions\/2085"}],"wp:featuredmedia":[{"embeddable":true,"href":"https:\/\/pepfrance.fr\/en\/wp-json\/wp\/v2\/media\/2002"}],"wp:attachment":[{"href":"https:\/\/pepfrance.fr\/en\/wp-json\/wp\/v2\/media?parent=217"}],"wp:term":[{"taxonomy":"category","embeddable":true,"href":"https:\/\/pepfrance.fr\/en\/wp-json\/wp\/v2\/categories?post=217"},{"taxonomy":"post_tag","embeddable":true,"href":"https:\/\/pepfrance.fr\/en\/wp-json\/wp\/v2\/tags?post=217"}],"curies":[{"name":"wp","href":"https:\/\/api.w.org\/{rel}","templated":true}]}}