{"id":57289,"date":"2023-11-23T14:43:32","date_gmt":"2023-11-23T14:43:32","guid":{"rendered":"https:\/\/pepfrance.fr\/?page_id=57289"},"modified":"2023-11-23T15:17:14","modified_gmt":"2023-11-23T15:17:14","slug":"mentions-legales","status":"publish","type":"page","link":"https:\/\/pepfrance.fr\/en\/mentions-legales","title":{"rendered":"Terms and conditions"},"content":{"rendered":"<div data-elementor-type=\"wp-page\" data-elementor-id=\"57289\" class=\"elementor elementor-57289\" data-elementor-settings=\"{&quot;ha_cmc_init_switcher&quot;:&quot;no&quot;}\" data-elementor-post-type=\"page\">\n\t\t\t\t\t\t<section class=\"elementor-section elementor-top-section elementor-element elementor-element-e9d3a13 elementor-section-height-min-height elementor-section-content-middle elementor-section-boxed elementor-section-height-default elementor-section-items-middle\" data-id=\"e9d3a13\" data-element_type=\"section\" data-e-type=\"section\" data-settings=\"{&quot;background_background&quot;:&quot;classic&quot;,&quot;_ha_eqh_enable&quot;:false,&quot;ekit_has_onepagescroll_dot&quot;:&quot;yes&quot;}\">\n\t\t\t\t\t\t<div class=\"elementor-container elementor-column-gap-wide\">\n\t\t\t\t\t<div class=\"elementor-column elementor-col-100 elementor-top-column elementor-element elementor-element-e8119ff\" data-id=\"e8119ff\" data-element_type=\"column\" data-e-type=\"column\">\n\t\t\t<div class=\"elementor-widget-wrap elementor-element-populated\">\n\t\t\t\t\t\t<div class=\"elementor-element elementor-element-e788ebc elementor-widget elementor-widget-heading\" data-id=\"e788ebc\" data-element_type=\"widget\" data-e-type=\"widget\" data-settings=\"{&quot;ekit_we_effect_on&quot;:&quot;none&quot;}\" data-widget_type=\"heading.default\">\n\t\t\t\t<div class=\"elementor-widget-container\">\n\t\t\t\t\t<h1 class=\"elementor-heading-title elementor-size-default\">Terms and conditions<\/h1>\t\t\t\t<\/div>\n\t\t\t\t<\/div>\n\t\t\t\t\t<\/div>\n\t\t<\/div>\n\t\t\t\t\t<\/div>\n\t\t<\/section>\n\t\t\t\t<section class=\"elementor-section elementor-top-section elementor-element elementor-element-759cb4d9 elementor-section-boxed elementor-section-height-default elementor-section-height-default\" data-id=\"759cb4d9\" data-element_type=\"section\" data-e-type=\"section\" data-settings=\"{&quot;_ha_eqh_enable&quot;:false,&quot;ekit_has_onepagescroll_dot&quot;:&quot;yes&quot;}\">\n\t\t\t\t\t\t<div class=\"elementor-container elementor-column-gap-default\">\n\t\t\t\t\t<div class=\"elementor-column elementor-col-100 elementor-top-column elementor-element elementor-element-13a989b8\" data-id=\"13a989b8\" data-element_type=\"column\" data-e-type=\"column\">\n\t\t\t<div class=\"elementor-widget-wrap elementor-element-populated\">\n\t\t\t\t\t\t<div class=\"elementor-element elementor-element-4bb1a304 elementor-widget elementor-widget-text-editor\" data-id=\"4bb1a304\" data-element_type=\"widget\" data-e-type=\"widget\" data-settings=\"{&quot;ekit_we_effect_on&quot;:&quot;none&quot;}\" data-widget_type=\"text-editor.default\">\n\t\t\t\t<div class=\"elementor-widget-container\">\n\t\t\t\t\t\t\t\t\t\n<h2 class=\"wp-block-heading\"><b>1 - Site editing<\/b><\/h2>\n<p><b>In accordance with <\/b><a href=\"https:\/\/www.legifrance.gouv.fr\/affichTexte.do?cidTexte=JORFTEXT000000801164#LEGIARTI000042038977\"><b>Article 6 of law no. 2004-575 of 21 June 2004<\/b><\/a><b> pour la confiance dans l&rsquo;\u00e9conomie num\u00e9rique, il est pr\u00e9cis\u00e9 aux utilisateurs du site internet <a href=\"https:\/\/pepfrance.fr\/en\/\">https:\/\/pepfrance.fr\/<\/a> l&rsquo;identit\u00e9 des diff\u00e9rents intervenants dans le cadre de sa r\u00e9alisation et de son suivi:<\/b><\/p>\n<p class=\"translation-block\">Website owner: Frederic JOLIVET - P.E.P (PREPARATIONS POUR ENCRES ET PEINTURES) - Contact: contact@pepfrance.com \/ + 33 (0) 470 318 029 - Address: IMP ZI DU COQUET 03260 SAINT-GERMAIN-DES-FOSSES.<\/p>\n<p><b>Company identification: SAS Frederic JOLIVET - P.E.P (PREPARATIONS POUR ENCRES ET PEINTURES) with share capital of \u20ac60,550 - SIREN: 388610289 - RCS or RM: Cusset B 388 610 289 - Postal address: <a href=\"https:\/\/maps.app.goo.gl\/Uk5a8wVyMyDvkc729\" target=\"_blank\" rel=\"noopener\">IMP ZI DU COQUET 03260 SAINT-GERMAIN-DES-FOSSES<\/a>.<\/b><\/p>\n<p><b>Director of publication: Andr\u00e9 GENTIT - Contact: <a href=\"mailto:andre@deepdive.sarl\">andre@deepdive.sarl<\/a>.<\/b><\/p>\n<p class=\"translation-block\">Host : 1&amp;1 \/ IONOS - 7 Place de la Gare - 57200 Sarreguemines - Phone : 09.70.80.89.11<\/p>\n<p><b>Data Protection Officer: Andr\u00e9 GENTIT - <a href=\"mailto:andre@deepdive.sarl\">andre@deepdive.sarl<\/a><\/b><\/p>\n<p><b>Other contributors:<\/b><\/p>\n<h2><b>2 - Intellectual property and counterfeiting.<\/b><\/h2>\n<p><b>Frederic JOLIVET - P.E.P (PREPARATIONS POUR ENCRES ET PEINTURES) is the owner of the intellectual property rights and holds the rights of use on all the elements accessible on the website, in particular the texts, images, graphics, logos, videos, architecture, icons and sounds.<\/b><\/p>\n<p><b>Any reproduction, representation, modification, publication, adaptation of all or part of the elements of the site, whatever the means or process used, is prohibited, except with the prior written authorisation of Frederic JOLIVET - P.E.P (PREPARATIONS POUR ENCRES ET PEINTURES).<\/b><\/p>\n<p><b>Any unauthorised use of the site or of any of the elements it contains will be considered to constitute an infringement and will be prosecuted in accordance with the provisions of articles <\/b><a href=\"https:\/\/www.legifrance.gouv.fr\/affichCodeArticle.do?idArticle=LEGIARTI000032655082&amp;cidTexte=LEGITEXT000006069414&amp;dateTexte=20160605\"><b>L.335-2 et seq. of the French Intellectual Property Code<\/b><\/a><b>.<\/b><\/p>\n<h2><b>3 - Limitations of liability.<\/b><\/h2>\n<p><b>Frederic JOLIVET - P.E.P (PREPARATIONS POUR ENCRES ET PEINTURES) cannot be held responsible for any direct or indirect damage caused to the user's equipment when accessing the website: <a href=\"https:\/\/pepfrance.fr\/en\/\">https:\/\/pepfrance.fr\/<\/a>.<\/b><\/p>\n<p><b>Frederic JOLIVET - P.E.P (PREPARATIONS POUR ENCRES ET PEINTURES) accepts no responsibility for the use that may be made of the information and content on this website: <a href=\"https:\/\/pepfrance.fr\/en\/\">https:\/\/pepfrance.fr\/<\/a>.<\/b><\/p>\n<p><b>Frederic JOLIVET - P.E.P (PREPARATIONS POUR ENCRES ET PEINTURES) undertakes to provide the best possible security for the website <a href=\"https:\/\/pepfrance.fr\/en\/\">https:\/\/pepfrance.fr\/<\/a>. However, it cannot be held liable if unwanted data is imported and installed on its site without its knowledge.<\/b><\/p>\n<p><b>Interactive areas (contact space or comments) are available to users. Frederic JOLIVET - P.E.P (PREPARATIONS POUR ENCRES ET PEINTURES) reserves the right to delete, without prior notice, any content posted in this area that contravenes legislation applicable in France, in particular provisions relating to data protection.<\/b><\/p>\n<p><b>Where applicable, Frederic JOLIVET - P.E.P (PREPARATIONS POUR ENCRES ET PEINTURES) also reserves the right to hold the user civilly and\/or criminally liable, particularly in the event of messages of a racist, insulting, defamatory or pornographic nature, whatever the medium used (text, photographs, etc.).<\/b><\/p>\n<h2><b>4 - CNIL and personal data management.<\/b><\/h2>\n<p class=\"translation-block\">In accordance with the provisions of Act 78-17 of 6 January 1978 as amended, users of the https:\/\/pepfrance.fr\/ website have the right to access, modify and delete any information collected. To exercise this right, please send a message to our Data Protection Officer : Andr\u00e9 GENTIT - andre@deepdive.sarl.<\/p>\n<p><b>For further information on how we process your data (type of data, purpose, recipient, etc.), please read our <a href=\"https:\/\/pepfrance.fr\/en\/politique-de-confidentialite\/\">https:\/\/pepfrance.fr\/politique-de-confidentialite<\/a>.<\/b><\/p>\n<h2><b>5 - Hypertext links and cookies<\/b><\/h2>\n<p class=\"translation-block\">The https:\/\/pepfrance.fr\/ website contains hypertext links to other sites and accepts no responsibility for these external links or for links created by other sites to https:\/\/pepfrance.fr\/.<\/p>\n<p class=\"translation-block\">Browsing the https:\/\/pepfrance.fr\/ website may cause cookies to be installed on the user's computer.<\/p>\n<p><b>A \"cookie\" is a small file that records information about a user's browsing on a site. The data obtained in this way can be used to measure visitor numbers, for example.<\/b><\/p>\n<p><b>You can accept or refuse cookies by modifying your browser settings. No cookies will be deposited without your consent.<\/b><\/p>\n<p><b>Cookies are stored for a maximum of 12 months.<\/b><\/p>\n<p><b>For more information on how we use cookies, please read our <a href=\"https:\/\/pepfrance.fr\/en\/politique-de-cookies-ue\/\">https:\/\/pepfrance.fr\/politique-de-cookies-ue<\/a>.<\/b><\/p>\n<h2><b>6 - Applicable law and jurisdiction.<\/b><\/h2>\n<p class=\"translation-block\">Any dispute relating to the use of the https:\/\/pepfrance.fr\/ website is subject to French law. Except in cases where the law does not allow it, exclusive jurisdiction is given to the competent courts of Rodez.<\/p>\n\t\t\t\t\t\t\t\t<\/div>\n\t\t\t\t<\/div>\n\t\t\t\t\t<\/div>\n\t\t<\/div>\n\t\t\t\t\t<\/div>\n\t\t<\/section>\n\t\t\t\t<\/div>","protected":false},"excerpt":{"rendered":"<p>Mentions l\u00e9gales 1 &#8211; \u00c9dition du site En vertu de l&rsquo;article 6 de la loi n\u00b0 2004-575 du 21 juin 2004 pour la confiance dans l&rsquo;\u00e9conomie num\u00e9rique, il est pr\u00e9cis\u00e9 aux utilisateurs du site internet https:\/\/pepfrance.fr\/ l&rsquo;identit\u00e9 des diff\u00e9rents intervenants dans le cadre de sa r\u00e9alisation et de son suivi: Propri\u00e9taire du site : Frederic [&hellip;]<\/p>\n","protected":false},"author":2,"featured_media":0,"parent":0,"menu_order":0,"comment_status":"closed","ping_status":"closed","template":"elementor_header_footer","meta":{"footnotes":""},"categories":[],"tags":[],"class_list":["post-57289","page","type-page","status-publish","hentry"],"yoast_head":"<!-- This site is optimized with the Yoast SEO plugin v27.5 - https:\/\/yoast.com\/product\/yoast-seo-wordpress\/ -->\n<title>Mentions l\u00e9gales - PEP Peintures et Encres Poitevines<\/title>\n<meta name=\"robots\" content=\"index, follow, max-snippet:-1, max-image-preview:large, max-video-preview:-1\" \/>\n<link rel=\"canonical\" href=\"https:\/\/pepfrance.fr\/en\/mentions-legales\/\" \/>\n<meta property=\"og:locale\" content=\"en_GB\" \/>\n<meta property=\"og:type\" content=\"article\" \/>\n<meta property=\"og:title\" content=\"Mentions l\u00e9gales - PEP Peintures et Encres Poitevines\" \/>\n<meta property=\"og:description\" content=\"Mentions l\u00e9gales 1 &#8211; \u00c9dition du site En vertu de l&rsquo;article 6 de la loi n\u00b0 2004-575 du 21 juin 2004 pour la confiance dans l&rsquo;\u00e9conomie num\u00e9rique, il est pr\u00e9cis\u00e9 aux utilisateurs du site internet https:\/\/pepfrance.fr\/ l&rsquo;identit\u00e9 des diff\u00e9rents intervenants dans le cadre de sa r\u00e9alisation et de son suivi: Propri\u00e9taire du site : Frederic [&hellip;]\" \/>\n<meta property=\"og:url\" content=\"https:\/\/pepfrance.fr\/en\/mentions-legales\/\" \/>\n<meta property=\"og:site_name\" content=\"PEP Peintures et Encres Poitevines\" \/>\n<meta property=\"article:modified_time\" content=\"2023-11-23T15:17:14+00:00\" \/>\n<meta name=\"twitter:card\" content=\"summary_large_image\" \/>\n<meta name=\"twitter:label1\" content=\"Estimated reading time\" \/>\n\t<meta name=\"twitter:data1\" content=\"4 minutes\" \/>\n<script type=\"application\/ld+json\" class=\"yoast-schema-graph\">{\"@context\":\"https:\\\/\\\/schema.org\",\"@graph\":[{\"@type\":\"WebPage\",\"@id\":\"https:\\\/\\\/pepfrance.fr\\\/mentions-legales\",\"url\":\"https:\\\/\\\/pepfrance.fr\\\/mentions-legales\",\"name\":\"Mentions l\u00e9gales - PEP Peintures et Encres Poitevines\",\"isPartOf\":{\"@id\":\"https:\\\/\\\/pepfrance.fr\\\/#website\"},\"datePublished\":\"2023-11-23T14:43:32+00:00\",\"dateModified\":\"2023-11-23T15:17:14+00:00\",\"breadcrumb\":{\"@id\":\"https:\\\/\\\/pepfrance.fr\\\/mentions-legales#breadcrumb\"},\"inLanguage\":\"en-GB\",\"potentialAction\":[{\"@type\":\"ReadAction\",\"target\":[\"https:\\\/\\\/pepfrance.fr\\\/mentions-legales\"]}]},{\"@type\":\"BreadcrumbList\",\"@id\":\"https:\\\/\\\/pepfrance.fr\\\/mentions-legales#breadcrumb\",\"itemListElement\":[{\"@type\":\"ListItem\",\"position\":1,\"name\":\"Accueil\",\"item\":\"https:\\\/\\\/pepfrance.fr\\\/\"},{\"@type\":\"ListItem\",\"position\":2,\"name\":\"Mentions l\u00e9gales\"}]},{\"@type\":\"WebSite\",\"@id\":\"https:\\\/\\\/pepfrance.fr\\\/#website\",\"url\":\"https:\\\/\\\/pepfrance.fr\\\/\",\"name\":\"PEP Peintures et Encres Poitevines\",\"description\":\"ST GERMAIN DES FOSSES (03260), ZI DU COQUET\",\"publisher\":{\"@id\":\"https:\\\/\\\/pepfrance.fr\\\/#organization\"},\"potentialAction\":[{\"@type\":\"SearchAction\",\"target\":{\"@type\":\"EntryPoint\",\"urlTemplate\":\"https:\\\/\\\/pepfrance.fr\\\/?s={search_term_string}\"},\"query-input\":{\"@type\":\"PropertyValueSpecification\",\"valueRequired\":true,\"valueName\":\"search_term_string\"}}],\"inLanguage\":\"en-GB\"},{\"@type\":\"Organization\",\"@id\":\"https:\\\/\\\/pepfrance.fr\\\/#organization\",\"name\":\"PEP Peintures et Encres Poitevines\",\"url\":\"https:\\\/\\\/pepfrance.fr\\\/\",\"logo\":{\"@type\":\"ImageObject\",\"inLanguage\":\"en-GB\",\"@id\":\"https:\\\/\\\/pepfrance.fr\\\/#\\\/schema\\\/logo\\\/image\\\/\",\"url\":\"https:\\\/\\\/pepfrance.fr\\\/wp-content\\\/uploads\\\/2023\\\/02\\\/cropped-logo-pep-france-encres-peinture.png\",\"contentUrl\":\"https:\\\/\\\/pepfrance.fr\\\/wp-content\\\/uploads\\\/2023\\\/02\\\/cropped-logo-pep-france-encres-peinture.png\",\"width\":692,\"height\":223,\"caption\":\"PEP Peintures et Encres Poitevines\"},\"image\":{\"@id\":\"https:\\\/\\\/pepfrance.fr\\\/#\\\/schema\\\/logo\\\/image\\\/\"}}]}<\/script>\n<!-- \/ Yoast SEO plugin. -->","yoast_head_json":{"title":"Mentions l\u00e9gales - PEP Peintures et Encres Poitevines","robots":{"index":"index","follow":"follow","max-snippet":"max-snippet:-1","max-image-preview":"max-image-preview:large","max-video-preview":"max-video-preview:-1"},"canonical":"https:\/\/pepfrance.fr\/en\/mentions-legales\/","og_locale":"en_GB","og_type":"article","og_title":"Mentions l\u00e9gales - PEP Peintures et Encres Poitevines","og_description":"Mentions l\u00e9gales 1 &#8211; \u00c9dition du site En vertu de l&rsquo;article 6 de la loi n\u00b0 2004-575 du 21 juin 2004 pour la confiance dans l&rsquo;\u00e9conomie num\u00e9rique, il est pr\u00e9cis\u00e9 aux utilisateurs du site internet https:\/\/pepfrance.fr\/ l&rsquo;identit\u00e9 des diff\u00e9rents intervenants dans le cadre de sa r\u00e9alisation et de son suivi: Propri\u00e9taire du site : Frederic [&hellip;]","og_url":"https:\/\/pepfrance.fr\/en\/mentions-legales\/","og_site_name":"PEP Peintures et Encres Poitevines","article_modified_time":"2023-11-23T15:17:14+00:00","twitter_card":"summary_large_image","twitter_misc":{"Estimated reading time":"4 minutes"},"schema":{"@context":"https:\/\/schema.org","@graph":[{"@type":"WebPage","@id":"https:\/\/pepfrance.fr\/mentions-legales","url":"https:\/\/pepfrance.fr\/mentions-legales","name":"Mentions l\u00e9gales - PEP Peintures et Encres Poitevines","isPartOf":{"@id":"https:\/\/pepfrance.fr\/#website"},"datePublished":"2023-11-23T14:43:32+00:00","dateModified":"2023-11-23T15:17:14+00:00","breadcrumb":{"@id":"https:\/\/pepfrance.fr\/mentions-legales#breadcrumb"},"inLanguage":"en-GB","potentialAction":[{"@type":"ReadAction","target":["https:\/\/pepfrance.fr\/mentions-legales"]}]},{"@type":"BreadcrumbList","@id":"https:\/\/pepfrance.fr\/mentions-legales#breadcrumb","itemListElement":[{"@type":"ListItem","position":1,"name":"Accueil","item":"https:\/\/pepfrance.fr\/"},{"@type":"ListItem","position":2,"name":"Mentions l\u00e9gales"}]},{"@type":"WebSite","@id":"https:\/\/pepfrance.fr\/#website","url":"https:\/\/pepfrance.fr\/","name":"PEP Peintures et Encres Poitevines","description":"ST GERMAIN DES FOSSES (03260), ZI DU COQUET","publisher":{"@id":"https:\/\/pepfrance.fr\/#organization"},"potentialAction":[{"@type":"SearchAction","target":{"@type":"EntryPoint","urlTemplate":"https:\/\/pepfrance.fr\/?s={search_term_string}"},"query-input":{"@type":"PropertyValueSpecification","valueRequired":true,"valueName":"search_term_string"}}],"inLanguage":"en-GB"},{"@type":"Organization","@id":"https:\/\/pepfrance.fr\/#organization","name":"PEP Peintures et Encres Poitevines","url":"https:\/\/pepfrance.fr\/","logo":{"@type":"ImageObject","inLanguage":"en-GB","@id":"https:\/\/pepfrance.fr\/#\/schema\/logo\/image\/","url":"https:\/\/pepfrance.fr\/wp-content\/uploads\/2023\/02\/cropped-logo-pep-france-encres-peinture.png","contentUrl":"https:\/\/pepfrance.fr\/wp-content\/uploads\/2023\/02\/cropped-logo-pep-france-encres-peinture.png","width":692,"height":223,"caption":"PEP Peintures et Encres Poitevines"},"image":{"@id":"https:\/\/pepfrance.fr\/#\/schema\/logo\/image\/"}}]}},"_links":{"self":[{"href":"https:\/\/pepfrance.fr\/en\/wp-json\/wp\/v2\/pages\/57289","targetHints":{"allow":["GET"]}}],"collection":[{"href":"https:\/\/pepfrance.fr\/en\/wp-json\/wp\/v2\/pages"}],"about":[{"href":"https:\/\/pepfrance.fr\/en\/wp-json\/wp\/v2\/types\/page"}],"author":[{"embeddable":true,"href":"https:\/\/pepfrance.fr\/en\/wp-json\/wp\/v2\/users\/2"}],"replies":[{"embeddable":true,"href":"https:\/\/pepfrance.fr\/en\/wp-json\/wp\/v2\/comments?post=57289"}],"version-history":[{"count":28,"href":"https:\/\/pepfrance.fr\/en\/wp-json\/wp\/v2\/pages\/57289\/revisions"}],"predecessor-version":[{"id":57377,"href":"https:\/\/pepfrance.fr\/en\/wp-json\/wp\/v2\/pages\/57289\/revisions\/57377"}],"wp:attachment":[{"href":"https:\/\/pepfrance.fr\/en\/wp-json\/wp\/v2\/media?parent=57289"}],"wp:term":[{"taxonomy":"category","embeddable":true,"href":"https:\/\/pepfrance.fr\/en\/wp-json\/wp\/v2\/categories?post=57289"},{"taxonomy":"post_tag","embeddable":true,"href":"https:\/\/pepfrance.fr\/en\/wp-json\/wp\/v2\/tags?post=57289"}],"curies":[{"name":"wp","href":"https:\/\/api.w.org\/{rel}","templated":true}]}}